{"id":1091,"date":"2022-11-13T09:47:47","date_gmt":"2022-11-13T09:47:47","guid":{"rendered":"https:\/\/stryszne.pl\/?page_id=1091"},"modified":"2022-11-13T11:16:16","modified_gmt":"2022-11-13T11:16:16","slug":"opakowania","status":"publish","type":"page","link":"https:\/\/stryszne.pl\/?page_id=1091","title":{"rendered":"OPAKOWANIA"},"content":{"rendered":"\t\t<div data-elementor-type=\"wp-page\" data-elementor-id=\"1091\" class=\"elementor elementor-1091\">\n\t\t\t\t\t\t\t\t\t<section class=\"elementor-section elementor-top-section elementor-element elementor-element-a70a262 elementor-section-boxed elementor-section-height-default elementor-section-height-default\" data-id=\"a70a262\" data-element_type=\"section\">\n\t\t\t\t\t\t<div class=\"elementor-container elementor-column-gap-default\">\n\t\t\t\t\t<div class=\"elementor-column elementor-col-100 elementor-top-column elementor-element elementor-element-1f9457a\" data-id=\"1f9457a\" data-element_type=\"column\">\n\t\t\t<div class=\"elementor-widget-wrap elementor-element-populated\">\n\t\t\t\t\t\t\t\t<div class=\"elementor-element elementor-element-fcd2fbe elementor-widget elementor-widget-heading\" data-id=\"fcd2fbe\" data-element_type=\"widget\" data-widget_type=\"heading.default\">\n\t\t\t\t<div class=\"elementor-widget-container\">\n\t\t\t<span class=\"elementor-heading-title elementor-size-default\">Projekty opakowa\u0144 serii LED2B firmy KOBI Light<\/span>\t\t<\/div>\n\t\t\t\t<\/div>\n\t\t\t\t<div class=\"elementor-element elementor-element-141eea8 elementor-widget elementor-widget-image\" data-id=\"141eea8\" data-element_type=\"widget\" data-widget_type=\"image.default\">\n\t\t\t\t<div class=\"elementor-widget-container\">\n\t\t\t\t\t\t\t\t\t\t\t\t\t\t\t<img loading=\"lazy\" decoding=\"async\" width=\"2560\" height=\"1328\" src=\"https:\/\/stryszne.pl\/wp-content\/uploads\/2022\/11\/zarowki1-scaled.jpg\" class=\"attachment-full size-full\" alt=\"\" srcset=\"https:\/\/stryszne.pl\/wp-content\/uploads\/2022\/11\/zarowki1-scaled.jpg 2560w, https:\/\/stryszne.pl\/wp-content\/uploads\/2022\/11\/zarowki1-300x156.jpg 300w, https:\/\/stryszne.pl\/wp-content\/uploads\/2022\/11\/zarowki1-1024x531.jpg 1024w, https:\/\/stryszne.pl\/wp-content\/uploads\/2022\/11\/zarowki1-768x398.jpg 768w, https:\/\/stryszne.pl\/wp-content\/uploads\/2022\/11\/zarowki1-1536x797.jpg 1536w, https:\/\/stryszne.pl\/wp-content\/uploads\/2022\/11\/zarowki1-2048x1063.jpg 2048w\" sizes=\"(max-width: 2560px) 100vw, 2560px\" \/>\t\t\t\t\t\t\t\t\t\t\t\t\t\t\t<\/div>\n\t\t\t\t<\/div>\n\t\t\t\t\t<\/div>\n\t\t<\/div>\n\t\t\t\t\t\t\t<\/div>\n\t\t<\/section>\n\t\t\t\t<section class=\"elementor-section elementor-top-section elementor-element elementor-element-2233261 elementor-section-boxed elementor-section-height-default elementor-section-height-default\" data-id=\"2233261\" data-element_type=\"section\">\n\t\t\t\t\t\t<div class=\"elementor-container elementor-column-gap-default\">\n\t\t\t\t\t<div class=\"elementor-column elementor-col-100 elementor-top-column elementor-element elementor-element-974e1de\" data-id=\"974e1de\" data-element_type=\"column\">\n\t\t\t<div class=\"elementor-widget-wrap elementor-element-populated\">\n\t\t\t\t\t\t\t\t<div class=\"elementor-element elementor-element-25b7cc7 elementor-widget elementor-widget-heading\" data-id=\"25b7cc7\" data-element_type=\"widget\" data-widget_type=\"heading.default\">\n\t\t\t\t<div class=\"elementor-widget-container\">\n\t\t\t<span class=\"elementor-heading-title elementor-size-default\">Projekty opakowa\u0144 serii SMART HOME firmy KOBI Light<\/span>\t\t<\/div>\n\t\t\t\t<\/div>\n\t\t\t\t<div class=\"elementor-element elementor-element-874340c elementor-widget elementor-widget-image\" data-id=\"874340c\" data-element_type=\"widget\" data-widget_type=\"image.default\">\n\t\t\t\t<div class=\"elementor-widget-container\">\n\t\t\t\t\t\t\t\t\t\t\t\t\t\t\t<img loading=\"lazy\" decoding=\"async\" width=\"2560\" height=\"1513\" src=\"https:\/\/stryszne.pl\/wp-content\/uploads\/2022\/11\/smarthome-scaled.jpg\" class=\"attachment-full size-full\" alt=\"\" srcset=\"https:\/\/stryszne.pl\/wp-content\/uploads\/2022\/11\/smarthome-scaled.jpg 2560w, https:\/\/stryszne.pl\/wp-content\/uploads\/2022\/11\/smarthome-300x177.jpg 300w, https:\/\/stryszne.pl\/wp-content\/uploads\/2022\/11\/smarthome-1024x605.jpg 1024w, https:\/\/stryszne.pl\/wp-content\/uploads\/2022\/11\/smarthome-768x454.jpg 768w, https:\/\/stryszne.pl\/wp-content\/uploads\/2022\/11\/smarthome-1536x908.jpg 1536w, https:\/\/stryszne.pl\/wp-content\/uploads\/2022\/11\/smarthome-2048x1211.jpg 2048w\" sizes=\"(max-width: 2560px) 100vw, 2560px\" \/>\t\t\t\t\t\t\t\t\t\t\t\t\t\t\t<\/div>\n\t\t\t\t<\/div>\n\t\t\t\t\t<\/div>\n\t\t<\/div>\n\t\t\t\t\t\t\t<\/div>\n\t\t<\/section>\n\t\t\t\t<section class=\"elementor-section elementor-top-section elementor-element elementor-element-feabaf4 elementor-section-boxed elementor-section-height-default elementor-section-height-default\" data-id=\"feabaf4\" data-element_type=\"section\">\n\t\t\t\t\t\t<div class=\"elementor-container elementor-column-gap-default\">\n\t\t\t\t\t<div class=\"elementor-column elementor-col-100 elementor-top-column elementor-element elementor-element-5792765\" data-id=\"5792765\" data-element_type=\"column\">\n\t\t\t<div class=\"elementor-widget-wrap elementor-element-populated\">\n\t\t\t\t\t\t\t\t<div class=\"elementor-element elementor-element-8eb9544 elementor-widget elementor-widget-heading\" data-id=\"8eb9544\" data-element_type=\"widget\" data-widget_type=\"heading.default\">\n\t\t\t\t<div class=\"elementor-widget-container\">\n\t\t\t<span class=\"elementor-heading-title elementor-size-default\">Projekty opakowa\u0144 serii LED GS firmy KOBI Light<\/span>\t\t<\/div>\n\t\t\t\t<\/div>\n\t\t\t\t<div class=\"elementor-element elementor-element-ced89c2 elementor-widget elementor-widget-image\" data-id=\"ced89c2\" data-element_type=\"widget\" data-widget_type=\"image.default\">\n\t\t\t\t<div class=\"elementor-widget-container\">\n\t\t\t\t\t\t\t\t\t\t\t\t\t\t\t<img loading=\"lazy\" decoding=\"async\" width=\"2560\" height=\"1335\" src=\"https:\/\/stryszne.pl\/wp-content\/uploads\/2022\/11\/projekt3-scaled.jpg\" class=\"attachment-full size-full\" alt=\"\" srcset=\"https:\/\/stryszne.pl\/wp-content\/uploads\/2022\/11\/projekt3-scaled.jpg 2560w, https:\/\/stryszne.pl\/wp-content\/uploads\/2022\/11\/projekt3-300x156.jpg 300w, https:\/\/stryszne.pl\/wp-content\/uploads\/2022\/11\/projekt3-1024x534.jpg 1024w, https:\/\/stryszne.pl\/wp-content\/uploads\/2022\/11\/projekt3-768x401.jpg 768w, https:\/\/stryszne.pl\/wp-content\/uploads\/2022\/11\/projekt3-1536x801.jpg 1536w, https:\/\/stryszne.pl\/wp-content\/uploads\/2022\/11\/projekt3-2048x1068.jpg 2048w\" sizes=\"(max-width: 2560px) 100vw, 2560px\" \/>\t\t\t\t\t\t\t\t\t\t\t\t\t\t\t<\/div>\n\t\t\t\t<\/div>\n\t\t\t\t\t<\/div>\n\t\t<\/div>\n\t\t\t\t\t\t\t<\/div>\n\t\t<\/section>\n\t\t\t\t<section class=\"elementor-section elementor-top-section elementor-element elementor-element-4c00593 elementor-section-boxed elementor-section-height-default elementor-section-height-default\" data-id=\"4c00593\" data-element_type=\"section\">\n\t\t\t\t\t\t<div class=\"elementor-container elementor-column-gap-default\">\n\t\t\t\t\t<div class=\"elementor-column elementor-col-100 elementor-top-column elementor-element elementor-element-cd59118\" data-id=\"cd59118\" data-element_type=\"column\">\n\t\t\t<div class=\"elementor-widget-wrap elementor-element-populated\">\n\t\t\t\t\t\t\t\t<div class=\"elementor-element elementor-element-8bf6961 elementor-widget elementor-widget-heading\" data-id=\"8bf6961\" data-element_type=\"widget\" data-widget_type=\"heading.default\">\n\t\t\t\t<div class=\"elementor-widget-container\">\n\t\t\t<span class=\"elementor-heading-title elementor-size-default\">Projekt opakowania opraw \u015bwietlnych MIMOSA firmy KOBI Light<\/span>\t\t<\/div>\n\t\t\t\t<\/div>\n\t\t\t\t<div class=\"elementor-element elementor-element-b12fc45 elementor-widget elementor-widget-image\" data-id=\"b12fc45\" data-element_type=\"widget\" data-widget_type=\"image.default\">\n\t\t\t\t<div class=\"elementor-widget-container\">\n\t\t\t\t\t\t\t\t\t\t\t\t\t\t\t<img loading=\"lazy\" decoding=\"async\" width=\"2560\" height=\"2211\" src=\"https:\/\/stryszne.pl\/wp-content\/uploads\/2022\/11\/mimosa-scaled.jpg\" class=\"attachment-full size-full\" alt=\"\" srcset=\"https:\/\/stryszne.pl\/wp-content\/uploads\/2022\/11\/mimosa-scaled.jpg 2560w, https:\/\/stryszne.pl\/wp-content\/uploads\/2022\/11\/mimosa-300x259.jpg 300w, https:\/\/stryszne.pl\/wp-content\/uploads\/2022\/11\/mimosa-1024x884.jpg 1024w, https:\/\/stryszne.pl\/wp-content\/uploads\/2022\/11\/mimosa-768x663.jpg 768w, https:\/\/stryszne.pl\/wp-content\/uploads\/2022\/11\/mimosa-1536x1327.jpg 1536w, https:\/\/stryszne.pl\/wp-content\/uploads\/2022\/11\/mimosa-2048x1769.jpg 2048w\" sizes=\"(max-width: 2560px) 100vw, 2560px\" \/>\t\t\t\t\t\t\t\t\t\t\t\t\t\t\t<\/div>\n\t\t\t\t<\/div>\n\t\t\t\t\t<\/div>\n\t\t<\/div>\n\t\t\t\t\t\t\t<\/div>\n\t\t<\/section>\n\t\t\t\t<section class=\"elementor-section elementor-top-section elementor-element elementor-element-274c509 elementor-section-boxed elementor-section-height-default elementor-section-height-default\" data-id=\"274c509\" data-element_type=\"section\">\n\t\t\t\t\t\t<div class=\"elementor-container elementor-column-gap-default\">\n\t\t\t\t\t<div class=\"elementor-column elementor-col-100 elementor-top-column elementor-element elementor-element-96ee218\" data-id=\"96ee218\" data-element_type=\"column\">\n\t\t\t<div class=\"elementor-widget-wrap elementor-element-populated\">\n\t\t\t\t\t\t\t\t<div class=\"elementor-element elementor-element-9ede228 elementor-widget elementor-widget-heading\" data-id=\"9ede228\" data-element_type=\"widget\" data-widget_type=\"heading.default\">\n\t\t\t\t<div class=\"elementor-widget-container\">\n\t\t\t<span class=\"elementor-heading-title elementor-size-default\">Projekt opakowania gry typu \"pi\u0142karzyki\" firmy MODEL<\/span>\t\t<\/div>\n\t\t\t\t<\/div>\n\t\t\t\t<div class=\"elementor-element elementor-element-d9c4af8 elementor-widget elementor-widget-image\" data-id=\"d9c4af8\" data-element_type=\"widget\" data-widget_type=\"image.default\">\n\t\t\t\t<div class=\"elementor-widget-container\">\n\t\t\t\t\t\t\t\t\t\t\t\t\t\t\t<img loading=\"lazy\" decoding=\"async\" width=\"2560\" height=\"1810\" src=\"https:\/\/stryszne.pl\/wp-content\/uploads\/2022\/11\/Adam-Pietak-CVPortfolio-5-scaled.jpg\" class=\"attachment-full size-full\" alt=\"\" srcset=\"https:\/\/stryszne.pl\/wp-content\/uploads\/2022\/11\/Adam-Pietak-CVPortfolio-5-scaled.jpg 2560w, https:\/\/stryszne.pl\/wp-content\/uploads\/2022\/11\/Adam-Pietak-CVPortfolio-5-300x212.jpg 300w, https:\/\/stryszne.pl\/wp-content\/uploads\/2022\/11\/Adam-Pietak-CVPortfolio-5-1024x724.jpg 1024w, https:\/\/stryszne.pl\/wp-content\/uploads\/2022\/11\/Adam-Pietak-CVPortfolio-5-768x543.jpg 768w, https:\/\/stryszne.pl\/wp-content\/uploads\/2022\/11\/Adam-Pietak-CVPortfolio-5-1536x1086.jpg 1536w, https:\/\/stryszne.pl\/wp-content\/uploads\/2022\/11\/Adam-Pietak-CVPortfolio-5-2048x1448.jpg 2048w\" sizes=\"(max-width: 2560px) 100vw, 2560px\" \/>\t\t\t\t\t\t\t\t\t\t\t\t\t\t\t<\/div>\n\t\t\t\t<\/div>\n\t\t\t\t\t<\/div>\n\t\t<\/div>\n\t\t\t\t\t\t\t<\/div>\n\t\t<\/section>\n\t\t\t\t\t\t\t<\/div>\n\t\t","protected":false},"excerpt":{"rendered":"<p>Projekty opakowa\u0144 serii LED2B firmy KOBI Light Projekty opakowa\u0144 serii SMART HOME firmy KOBI Light Projekty opakowa\u0144 serii LED GS firmy KOBI Light Projekt opakowania opraw \u015bwietlnych MIMOSA firmy KOBI Light Projekt opakowania gry typu &#8222;pi\u0142karzyki&#8221; firmy MODEL<\/p>\n","protected":false},"author":1,"featured_media":0,"parent":0,"menu_order":0,"comment_status":"closed","ping_status":"closed","template":"page-templates\/template-pagebuilder-full-width.php","meta":{"neve_meta_sidebar":"full-width","neve_meta_container":"","neve_meta_enable_content_width":"on","neve_meta_content_width":100,"neve_meta_title_alignment":"","neve_meta_author_avatar":"","neve_post_elements_order":"","neve_meta_disable_header":"","neve_meta_disable_footer":"","neve_meta_disable_title":"","_ti_tpc_template_sync":false,"_ti_tpc_template_id":"","footnotes":""},"class_list":["post-1091","page","type-page","status-publish","hentry"],"_links":{"self":[{"href":"https:\/\/stryszne.pl\/index.php?rest_route=\/wp\/v2\/pages\/1091"}],"collection":[{"href":"https:\/\/stryszne.pl\/index.php?rest_route=\/wp\/v2\/pages"}],"about":[{"href":"https:\/\/stryszne.pl\/index.php?rest_route=\/wp\/v2\/types\/page"}],"author":[{"embeddable":true,"href":"https:\/\/stryszne.pl\/index.php?rest_route=\/wp\/v2\/users\/1"}],"replies":[{"embeddable":true,"href":"https:\/\/stryszne.pl\/index.php?rest_route=%2Fwp%2Fv2%2Fcomments&post=1091"}],"version-history":[{"count":16,"href":"https:\/\/stryszne.pl\/index.php?rest_route=\/wp\/v2\/pages\/1091\/revisions"}],"predecessor-version":[{"id":1155,"href":"https:\/\/stryszne.pl\/index.php?rest_route=\/wp\/v2\/pages\/1091\/revisions\/1155"}],"wp:attachment":[{"href":"https:\/\/stryszne.pl\/index.php?rest_route=%2Fwp%2Fv2%2Fmedia&parent=1091"}],"curies":[{"name":"wp","href":"https:\/\/api.w.org\/{rel}","templated":true}]}}